{"id":5,"date":"2020-01-13T11:17:52","date_gmt":"2020-01-13T11:17:52","guid":{"rendered":"https:\/\/demosites.io\/web-agency-gb\/?page_id=5"},"modified":"2025-03-22T12:49:47","modified_gmt":"2025-03-22T09:49:47","slug":"15c42-web-agency-gb-home","status":"publish","type":"page","link":"https:\/\/sahibindenordek.com\/","title":{"rendered":"ANASAYFA"},"content":{"rendered":"\n<h2 class=\"wp-block-heading has-text-align-center has-neve-text-color-color has-nv-c-1-background-color has-text-color has-background has-link-color has-medium-font-size wp-elements-86fc85c842dce9cfec88e9e17dd33154\" style=\"text-transform:uppercase\">\u00d6rdek ve Hindi Civcivi<\/h2>\n\n\n\n<figure class=\"wp-block-video\"><video autoplay controls src=\"https:\/\/sahibindenordek.com\/wp-content\/uploads\/2025\/03\/WhatsApp-Video-2025-03-22-at-12.05.50.mp4\"><\/video><\/figure>\n\n\n\n<h3 class=\"wp-block-heading has-text-align-center has-text-color has-link-color wp-elements-7c5cc58ecf247c30569946ad16e99c8b\" style=\"color:#ee290f\">35 YILDIR BURSA\u2019DA TAVUK\u00c7ULUK SEKT\u00d6R\u00dcNDE<br>FAAL\u0130YET G\u00d6STERMEKTEY\u0130Z.<\/h3>\n\n\n\n<h3 class=\"wp-block-heading has-text-align-center has-text-color has-link-color wp-elements-b915e3dca52aca54d030719765ca95a4\" style=\"color:#00b606\">F\u0130RMAMIZ TARIM BAKANLI\u011eI ONAYLIDIR.<br>T\u00dcRK\u0130YE\u2019DEK\u0130 Z\u0130RAAT ODALARININ B\u0130R \u00c7O\u011eUNA F\u0130RMAMIZ \u00dcR\u00dcN VERMEKTED\u0130R.<br>SATTI\u011eIMIZ TAVUKLAR DA HERHANG\u0130 B\u0130R RAHATSIZLIK G\u00d6R\u00dcL\u00dcRSE \u00dcR\u00dcN\u00dc GER\u0130 ALMA GARANT\u0130S\u0130 VER\u0130YORUZ.<\/h3>\n\n\n\n<h2 class=\"wp-block-heading has-text-align-center has-nv-text-dark-bg-color has-nv-c-2-background-color has-text-color has-background has-link-color has-x-large-font-size wp-elements-dd10c76fe22df8687a7ff6e6167c3bc6\" style=\"font-style:normal;font-weight:700;text-transform:uppercase\">\u00d6rdek civcivleri<\/h2>\n\n\n\n<div class=\"wp-block-group has-nv-site-bg-background-color has-background is-layout-flow wp-block-group-is-layout-flow\"><div class=\"wp-block-group__inner-container\">\n<div class=\"wp-block-columns are-vertically-aligned-center is-layout-flex wp-container-core-columns-layout-1 wp-block-columns-is-layout-flex\">\n<div class=\"wp-block-column is-vertically-aligned-center is-layout-flow wp-block-column-is-layout-flow\" style=\"flex-basis:50%\">\n<h2 class=\"wp-block-heading has-text-align-left has-neve-link-color-color has-text-color has-x-large-font-size\" style=\"text-transform:uppercase\">Pekin \u00d6rde\u011fi<\/h2>\n\n\n\n<ul class=\"has-neve-text-color-color has-text-color has-link-color wp-elements-9d99dfb3c1d8a50b65539579f8c5ddf2\">\n<li class=\"has-medium-font-size\">Yeti\u015fkin \u00f6rdeklerin a\u011f\u0131rl\u0131\u011f\u0131  4 5 kg gelmektedir. <\/li>\n\n\n\n<li class=\"has-medium-font-size\">Yumurtlama d\u00f6neminde 140&#8217;a kadar yumurta, yakla\u015f\u0131k 90 gram a\u011f\u0131rl\u0131\u011f\u0131nda olmaktad\u0131r. <\/li>\n\n\n\n<li class=\"has-medium-font-size\">Bir g\u00fcnl\u00fck yavru olarak g\u00f6nderilmektedir. <\/li>\n\n\n\n<li class=\"has-medium-font-size\">Minimum sat\u0131\u015f\u0131m\u0131z 60 adettir.<\/li>\n<\/ul>\n<\/div>\n\n\n\n<div class=\"wp-block-column is-vertically-aligned-center is-layout-flow wp-block-column-is-layout-flow\" style=\"flex-basis:50%\">\n<figure class=\"wp-block-image size-full\"><img fetchpriority=\"high\" decoding=\"async\" width=\"1535\" height=\"2048\" src=\"https:\/\/mlbxhjhuqrdw.i.optimole.com\/w:auto\/h:auto\/q:mauto\/ig:avif\/https:\/\/sahibindenordek.com\/wp-content\/uploads\/2024\/01\/Adsiz-tasarim-15.png\" alt=\"\" class=\"wp-image-417\" srcset=\"https:\/\/mlbxhjhuqrdw.i.optimole.com\/w:auto\/h:auto\/q:mauto\/ig:avif\/https:\/\/sahibindenordek.com\/wp-content\/uploads\/2024\/01\/Adsiz-tasarim-15.png 1535w, https:\/\/mlbxhjhuqrdw.i.optimole.com\/w:225\/h:300\/q:mauto\/ig:avif\/https:\/\/sahibindenordek.com\/wp-content\/uploads\/2024\/01\/Adsiz-tasarim-15.png 225w, https:\/\/mlbxhjhuqrdw.i.optimole.com\/w:768\/h:1025\/q:mauto\/ig:avif\/https:\/\/sahibindenordek.com\/wp-content\/uploads\/2024\/01\/Adsiz-tasarim-15.png 768w, https:\/\/mlbxhjhuqrdw.i.optimole.com\/w:809\/h:1080\/q:mauto\/ig:avif\/https:\/\/sahibindenordek.com\/wp-content\/uploads\/2024\/01\/Adsiz-tasarim-15.png 1151w\" sizes=\"(max-width: 1535px) 100vw, 1535px\" \/><\/figure>\n<\/div>\n<\/div>\n\n\n\n<div class=\"wp-block-columns are-vertically-aligned-center is-layout-flex wp-container-core-columns-layout-2 wp-block-columns-is-layout-flex\">\n<div class=\"wp-block-column is-vertically-aligned-center is-layout-flow wp-block-column-is-layout-flow\" style=\"flex-basis:50%\">\n<h2 class=\"wp-block-heading has-text-align-left has-neve-link-color-color has-text-color has-x-large-font-size\" style=\"text-transform:uppercase\">Frans\u0131z Etlik \u00d6rdek (Orvia ct-5)<\/h2>\n\n\n\n<ul class=\"has-neve-text-color-color has-text-color has-link-color wp-elements-50cc264728b786023cc4c1a489dcda58\">\n<li class=\"has-medium-font-size\">Orvia ct-5 \u00f6rde\u011fi alt\u0131n sar\u0131s\u0131d\u0131r g\u00fcnl\u00fck iken b\u00fcy\u00fcy\u00fcnce beyaz oluyor  frans\u0131z \u00f6erdeklerin tamam\u0131 beyazd\u0131r.<\/li>\n\n\n\n<li class=\"has-medium-font-size\">Et i\u00e7in daha uygundur, yakla\u015f\u0131k  7 kg ye ula\u015f\u0131r <\/li>\n\n\n\n<li class=\"has-medium-font-size\">Di\u015fi erkek kar\u0131\u015f\u0131kt\u0131r, \u00fcr\u00fcnlerimiz 1 g\u00fcnl\u00fck olarak g\u00f6nderilmektedir.<\/li>\n\n\n\n<li class=\"has-medium-font-size\">Minimum sat\u0131\u015f\u0131m\u0131z 60 adettir.<\/li>\n<\/ul>\n<\/div>\n\n\n\n<div class=\"wp-block-column is-vertically-aligned-center is-layout-flow wp-block-column-is-layout-flow\" style=\"flex-basis:50%\">\n<figure class=\"wp-block-image size-full\"><img fetchpriority=\"high\" decoding=\"async\" width=\"564\" height=\"565\" src=\"https:\/\/mlbxhjhuqrdw.i.optimole.com\/w:auto\/h:auto\/q:mauto\/ig:avif\/https:\/\/sahibindenordek.com\/wp-content\/uploads\/2024\/01\/ff04f6df0014c52872edc8914f5a60a1.jpg\" alt=\"\" class=\"wp-image-414\" srcset=\"https:\/\/mlbxhjhuqrdw.i.optimole.com\/w:auto\/h:auto\/q:mauto\/ig:avif\/https:\/\/sahibindenordek.com\/wp-content\/uploads\/2024\/01\/ff04f6df0014c52872edc8914f5a60a1.jpg 564w, https:\/\/mlbxhjhuqrdw.i.optimole.com\/w:300\/h:300\/q:mauto\/ig:avif\/https:\/\/sahibindenordek.com\/wp-content\/uploads\/2024\/01\/ff04f6df0014c52872edc8914f5a60a1.jpg 300w, https:\/\/mlbxhjhuqrdw.i.optimole.com\/w:150\/h:150\/q:mauto\/rt:fill\/g:ce\/ig:avif\/https:\/\/sahibindenordek.com\/wp-content\/uploads\/2024\/01\/ff04f6df0014c52872edc8914f5a60a1.jpg 150w\" sizes=\"(max-width: 564px) 100vw, 564px\" \/><\/figure>\n<\/div>\n<\/div>\n<\/div><\/div>\n\n\n\n<h2 class=\"wp-block-heading has-text-align-center has-nv-site-bg-color has-nv-c-2-background-color has-text-color has-background has-link-color has-x-large-font-size wp-elements-932a3f0dc68b1a70f73725d7aaac8f2d\" style=\"text-transform:uppercase\">Hindi Civcivleri<\/h2>\n\n\n\n<figure class=\"wp-block-video\"><video controls src=\"https:\/\/sahibindenordek.com\/wp-content\/uploads\/2024\/01\/WhatsApp-Video-2024-01-29-saat-01.57.11_9d8dc028.mp4\"><\/video><\/figure>\n\n\n\n<div class=\"wp-block-cover alignfull\" style=\"min-height:727px\"><span aria-hidden=\"true\" class=\"wp-block-cover__background has-nv-site-bg-background-color has-background-dim-100 has-background-dim\"><\/span><div class=\"wp-block-cover__inner-container is-layout-flow wp-block-cover-is-layout-flow\">\n<div class=\"wp-block-group is-layout-flow wp-block-group-is-layout-flow\"><div class=\"wp-block-group__inner-container\">\n<div class=\"wp-block-columns are-vertically-aligned-center is-layout-flex wp-container-core-columns-layout-3 wp-block-columns-is-layout-flex\">\n<div class=\"wp-block-column is-vertically-aligned-center is-layout-flow wp-block-column-is-layout-flow\" style=\"flex-basis:50%\">\n<h2 class=\"wp-block-heading has-text-align-left has-neve-link-color-color has-text-color has-x-large-font-size\" style=\"text-transform:uppercase\">Siyah Hindi <\/h2>\n\n\n\n<ul class=\"has-neve-text-color-color has-text-color has-link-color wp-elements-169d82e212831a512fc493a529bfbe8b\">\n<li class=\"has-medium-font-size\">Di\u015fi a\u011f\u0131rl\u0131\u011f\u0131 6 ila 7 kg erkekler ise 10 ile 12 kg a\u011f\u0131rl\u0131\u011f\u0131na ula\u015f\u0131rlar.<\/li>\n\n\n\n<li class=\"has-medium-font-size\">Salmaya uygundur.<\/li>\n\n\n\n<li class=\"has-medium-font-size\">Di\u015fi erkek kar\u0131\u015f\u0131kt\u0131r, \u00fcr\u00fcnlerimiz 1 g\u00fcnl\u00fck civciv olup, ilk a\u015f\u0131s\u0131 yap\u0131l\u0131p g\u00f6nderilmektedir.<\/li>\n\n\n\n<li class=\"has-medium-font-size\">Minimum sat\u0131\u015f\u0131m\u0131z 60 adettir.<\/li>\n<\/ul>\n<\/div>\n\n\n\n<div class=\"wp-block-column is-vertically-aligned-center is-layout-flow wp-block-column-is-layout-flow\" style=\"flex-basis:50%\">\n<figure class=\"wp-block-image size-full\"><img data-opt-src=\"https:\/\/mlbxhjhuqrdw.i.optimole.com\/w:auto\/h:auto\/q:mauto\/ig:avif\/https:\/\/sahibindenordek.com\/wp-content\/uploads\/2024\/01\/istockphoto-478301916-612x612-1.jpg\"  decoding=\"async\" width=\"519\" height=\"612\" src=\"data:image/svg+xml,%3Csvg%20viewBox%3D%220%200%20100%%20100%%22%20width%3D%22100%%22%20height%3D%22100%%22%20xmlns%3D%22http%3A%2F%2Fwww.w3.org%2F2000%2Fsvg%22%3E%3Crect%20width%3D%22100%%22%20height%3D%22100%%22%20fill%3D%22transparent%22%2F%3E%3C%2Fsvg%3E\" alt=\"\" class=\"wp-image-466\" old-srcset=\"https:\/\/mlbxhjhuqrdw.i.optimole.com\/w:auto\/h:auto\/q:mauto\/ig:avif\/https:\/\/sahibindenordek.com\/wp-content\/uploads\/2024\/01\/istockphoto-478301916-612x612-1.jpg 519w, https:\/\/mlbxhjhuqrdw.i.optimole.com\/w:254\/h:300\/q:mauto\/ig:avif\/https:\/\/sahibindenordek.com\/wp-content\/uploads\/2024\/01\/istockphoto-478301916-612x612-1.jpg 254w\" \/><figcaption class=\"wp-element-caption\">This is a baby turkey chick, isolated on white.<\/figcaption><\/figure>\n<\/div>\n<\/div>\n<\/div><\/div>\n<\/div><\/div>\n\n\n\n<div class=\"wp-block-cover alignfull\" style=\"min-height:727px\"><span aria-hidden=\"true\" class=\"wp-block-cover__background has-nv-site-bg-background-color has-background-dim-100 has-background-dim\"><\/span><div class=\"wp-block-cover__inner-container is-layout-flow wp-block-cover-is-layout-flow\">\n<div class=\"wp-block-group is-layout-flow wp-block-group-is-layout-flow\"><div class=\"wp-block-group__inner-container\">\n<div class=\"wp-block-columns are-vertically-aligned-center is-layout-flex wp-container-core-columns-layout-4 wp-block-columns-is-layout-flex\">\n<div class=\"wp-block-column is-vertically-aligned-center is-layout-flow wp-block-column-is-layout-flow\" style=\"flex-basis:50%\">\n<h2 class=\"wp-block-heading has-text-align-left has-neve-link-color-color has-text-color has-x-large-font-size\" style=\"text-transform:uppercase\">Beyaz Kanada Hindisi <\/h2>\n\n\n\n<ul class=\"has-neve-text-color-color has-text-color has-link-color wp-elements-009fbea21551aabd1657bd813f9647e8\">\n<li class=\"has-medium-font-size\">Di\u015fi a\u011f\u0131rl\u0131\u011f\u0131 12 ila 13 kg erkekler ise  20 kg a\u011f\u0131rl\u0131\u011f\u0131na ula\u015f\u0131rlar, sadece besi yemi ila beslenilir ise kilolar\u0131nda farkl\u0131l\u0131k g\u00f6sterir <\/li>\n\n\n\n<li class=\"has-medium-font-size\">Kapal\u0131 ortama uygundur <\/li>\n\n\n\n<li class=\"has-medium-font-size\">Di\u015fi erkek kar\u0131\u015f\u0131kt\u0131r, \u00fcr\u00fcnlerimiz 1 g\u00fcnl\u00fck civciv olup, ilk a\u015f\u0131s\u0131 yap\u0131l\u0131p g\u00f6nderilmektedir.<\/li>\n\n\n\n<li class=\"has-medium-font-size\">Minimum sat\u0131\u015f\u0131m\u0131z 60 adettir.<\/li>\n<\/ul>\n<\/div>\n\n\n\n<div class=\"wp-block-column is-vertically-aligned-center is-layout-flow wp-block-column-is-layout-flow\" style=\"flex-basis:50%\">\n<figure class=\"wp-block-image size-large is-resized\"><img data-opt-src=\"https:\/\/mlbxhjhuqrdw.i.optimole.com\/w:768\/h:1024\/q:mauto\/ig:avif\/https:\/\/sahibindenordek.com\/wp-content\/uploads\/2024\/01\/Adsiz-tasarim-16.png\"  decoding=\"async\" width=\"768\" height=\"1024\" src=\"data:image/svg+xml,%3Csvg%20viewBox%3D%220%200%20768%201024%22%20width%3D%22768%22%20height%3D%221024%22%20xmlns%3D%22http%3A%2F%2Fwww.w3.org%2F2000%2Fsvg%22%3E%3Crect%20width%3D%22768%22%20height%3D%221024%22%20fill%3D%22transparent%22%2F%3E%3C%2Fsvg%3E\" alt=\"\" class=\"wp-image-418\" style=\"width:581px;height:auto\" old-srcset=\"https:\/\/mlbxhjhuqrdw.i.optimole.com\/w:768\/h:1025\/q:mauto\/ig:avif\/https:\/\/sahibindenordek.com\/wp-content\/uploads\/2024\/01\/Adsiz-tasarim-16.png 768w, https:\/\/mlbxhjhuqrdw.i.optimole.com\/w:225\/h:300\/q:mauto\/ig:avif\/https:\/\/sahibindenordek.com\/wp-content\/uploads\/2024\/01\/Adsiz-tasarim-16.png 225w, https:\/\/mlbxhjhuqrdw.i.optimole.com\/w:809\/h:1080\/q:mauto\/ig:avif\/https:\/\/sahibindenordek.com\/wp-content\/uploads\/2024\/01\/Adsiz-tasarim-16.png 1151w, https:\/\/mlbxhjhuqrdw.i.optimole.com\/w:auto\/h:auto\/q:mauto\/ig:avif\/https:\/\/sahibindenordek.com\/wp-content\/uploads\/2024\/01\/Adsiz-tasarim-16.png 1535w\" \/><\/figure>\n<\/div>\n<\/div>\n<\/div><\/div>\n<\/div><\/div>\n\n\n\n<h2 class=\"wp-block-heading has-text-align-center has-background has-medium-font-size\" style=\"background-color:#18f123;font-style:normal;font-weight:700\">0532 427 11 91 <\/h2>\n\n\n\n<h2 class=\"wp-block-heading has-text-align-center has-background has-large-font-size\" style=\"background-color:#edf200;font-style:normal;font-weight:700\">Bir insana tamamen g\u00fcvendi\u011finiz zaman ya \u00f6m\u00fcrl\u00fck bir dost edinirsiniz ya da hayat\u0131n\u0131z\u0131n dersini al\u0131rs\u0131n\u0131z.<\/h2>\n","protected":false},"excerpt":{"rendered":"<p>\u00d6rdek ve Hindi Civcivi 35 YILDIR BURSA\u2019DA TAVUK\u00c7ULUK SEKT\u00d6R\u00dcNDEFAAL\u0130YET G\u00d6STERMEKTEY\u0130Z. F\u0130RMAMIZ TARIM BAKANLI\u011eI ONAYLIDIR.T\u00dcRK\u0130YE\u2019DEK\u0130 Z\u0130RAAT ODALARININ B\u0130R \u00c7O\u011eUNA F\u0130RMAMIZ \u00dcR\u00dcN VERMEKTED\u0130R.SATTI\u011eIMIZ TAVUKLAR DA HERHANG\u0130 B\u0130R RAHATSIZLIK G\u00d6R\u00dcL\u00dcRSE \u00dcR\u00dcN\u00dc GER\u0130 ALMA GARANT\u0130S\u0130 VER\u0130YORUZ. \u00d6rdek civcivleri Pekin \u00d6rde\u011fi Frans\u0131z Etlik \u00d6rdek (Orvia ct-5) Hindi Civcivleri 0532 427 11 91 Bir insana tamamen g\u00fcvendi\u011finiz zaman ya \u00f6m\u00fcrl\u00fck bir&hellip;&nbsp;<a href=\"https:\/\/sahibindenordek.com\/\" rel=\"bookmark\">Read More &raquo;<span class=\"screen-reader-text\">ANASAYFA<\/span><\/a><\/p>\n","protected":false},"author":1,"featured_media":0,"parent":0,"menu_order":0,"comment_status":"closed","ping_status":"closed","template":"","meta":{"neve_meta_sidebar":"default","neve_meta_container":"default","neve_meta_enable_content_width":"on","neve_meta_content_width":100,"neve_meta_title_alignment":"","neve_meta_author_avatar":"","neve_post_elements_order":"","neve_meta_disable_header":"","neve_meta_disable_footer":"","neve_meta_disable_title":"on","_themeisle_gutenberg_block_has_review":false,"footnotes":""},"_links":{"self":[{"href":"https:\/\/sahibindenordek.com\/index.php\/wp-json\/wp\/v2\/pages\/5"}],"collection":[{"href":"https:\/\/sahibindenordek.com\/index.php\/wp-json\/wp\/v2\/pages"}],"about":[{"href":"https:\/\/sahibindenordek.com\/index.php\/wp-json\/wp\/v2\/types\/page"}],"author":[{"embeddable":true,"href":"https:\/\/sahibindenordek.com\/index.php\/wp-json\/wp\/v2\/users\/1"}],"replies":[{"embeddable":true,"href":"https:\/\/sahibindenordek.com\/index.php\/wp-json\/wp\/v2\/comments?post=5"}],"version-history":[{"count":26,"href":"https:\/\/sahibindenordek.com\/index.php\/wp-json\/wp\/v2\/pages\/5\/revisions"}],"predecessor-version":[{"id":501,"href":"https:\/\/sahibindenordek.com\/index.php\/wp-json\/wp\/v2\/pages\/5\/revisions\/501"}],"wp:attachment":[{"href":"https:\/\/sahibindenordek.com\/index.php\/wp-json\/wp\/v2\/media?parent=5"}],"curies":[{"name":"wp","href":"https:\/\/api.w.org\/{rel}","templated":true}]}}