{"id":461,"date":"2024-01-29T19:34:32","date_gmt":"2024-01-29T16:34:32","guid":{"rendered":"https:\/\/sahibindenordek.com\/?page_id=461"},"modified":"2024-03-14T17:23:38","modified_gmt":"2024-03-14T14:23:38","slug":"videolarimiz","status":"publish","type":"page","link":"https:\/\/sahibindenordek.com\/index.php\/videolarimiz\/","title":{"rendered":"V\u0130DEOLARIMIZ"},"content":{"rendered":"\n<h2 class=\"wp-block-heading has-text-align-center has-background\" style=\"background-color:#fcf43a\">Siyah Hindi <\/h2>\n\n\n\n<figure class=\"wp-block-video\"><video controls src=\"https:\/\/sahibindenordek.com\/wp-content\/uploads\/2024\/01\/WhatsApp-Video-2024-01-29-saat-01.57.11_9d8dc028.mp4\"><\/video><\/figure>\n\n\n\n<h2 class=\"wp-block-heading has-text-align-center has-background\" style=\"background-color:#fcf43a\">Pekin \u00d6rdekleri <\/h2>\n\n\n\n<figure class=\"wp-block-video\"><video controls src=\"https:\/\/sahibindenordek.com\/wp-content\/uploads\/2024\/01\/VID_20220510_133035.mp4\"><\/video><\/figure>\n\n\n\n<h2 class=\"wp-block-heading has-text-align-center has-background\" style=\"background-color:#fcf43a\">Frans\u0131z ct-5 etlik \u00f6rdek <\/h2>\n\n\n\n<figure class=\"wp-block-video\"><video controls src=\"https:\/\/sahibindenordek.com\/wp-content\/uploads\/2024\/03\/VID_20220516_160301-1.mp4\"><\/video><\/figure>\n","protected":false},"excerpt":{"rendered":"<p>Siyah Hindi Pekin \u00d6rdekleri Frans\u0131z ct-5 etlik \u00f6rdek<\/p>\n","protected":false},"author":1,"featured_media":0,"parent":0,"menu_order":0,"comment_status":"closed","ping_status":"closed","template":"","meta":{"neve_meta_sidebar":"","neve_meta_container":"","neve_meta_enable_content_width":"","neve_meta_content_width":0,"neve_meta_title_alignment":"","neve_meta_author_avatar":"","neve_post_elements_order":"","neve_meta_disable_header":"","neve_meta_disable_footer":"","neve_meta_disable_title":"","_themeisle_gutenberg_block_has_review":false,"footnotes":""},"_links":{"self":[{"href":"https:\/\/sahibindenordek.com\/index.php\/wp-json\/wp\/v2\/pages\/461"}],"collection":[{"href":"https:\/\/sahibindenordek.com\/index.php\/wp-json\/wp\/v2\/pages"}],"about":[{"href":"https:\/\/sahibindenordek.com\/index.php\/wp-json\/wp\/v2\/types\/page"}],"author":[{"embeddable":true,"href":"https:\/\/sahibindenordek.com\/index.php\/wp-json\/wp\/v2\/users\/1"}],"replies":[{"embeddable":true,"href":"https:\/\/sahibindenordek.com\/index.php\/wp-json\/wp\/v2\/comments?post=461"}],"version-history":[{"count":5,"href":"https:\/\/sahibindenordek.com\/index.php\/wp-json\/wp\/v2\/pages\/461\/revisions"}],"predecessor-version":[{"id":490,"href":"https:\/\/sahibindenordek.com\/index.php\/wp-json\/wp\/v2\/pages\/461\/revisions\/490"}],"wp:attachment":[{"href":"https:\/\/sahibindenordek.com\/index.php\/wp-json\/wp\/v2\/media?parent=461"}],"curies":[{"name":"wp","href":"https:\/\/api.w.org\/{rel}","templated":true}]}}