{"id":410,"date":"2024-01-27T23:01:33","date_gmt":"2024-01-27T20:01:33","guid":{"rendered":"https:\/\/sahibindenordek.com\/?page_id=410"},"modified":"2025-01-28T14:15:57","modified_gmt":"2025-01-28T11:15:57","slug":"civciv-fiyat-listesi","status":"publish","type":"page","link":"https:\/\/sahibindenordek.com\/index.php\/civciv-fiyat-listesi\/","title":{"rendered":"C\u0130VC\u0130V F\u0130YAT L\u0130STES\u0130"},"content":{"rendered":"\n<h2 class=\"wp-block-heading\">Toptan Civciv Fiyatlar\u0131 <\/h2>\n\n\n\n<p class=\"has-text-align-center has-neve-text-color-color has-neve-link-color-background-color has-text-color has-background has-link-color wp-elements-ff5d067016565822e1c750aeddc81d67\" style=\"font-size:20px\"><strong>Beyaz horoz pazar civcivi <\/strong><\/p>\n\n\n\n<p class=\"has-text-align-center has-background has-large-font-size\" style=\"background-color:#fcfa3a\"><strong>7 \u20ba<\/strong><\/p>\n\n\n\n<p class=\"has-text-align-center has-neve-link-color-background-color has-background\" style=\"font-size:20px\"><strong>Siyah pleymut \u00e7il horoz<\/strong><\/p>\n\n\n\n<p class=\"has-text-align-center has-background has-large-font-size\" style=\"background-color:#fcfa3a\"><strong>10 \u20ba<\/strong><\/p>\n\n\n\n<p class=\"has-text-align-center has-neve-link-color-background-color has-background\" style=\"font-size:20px\"><strong>Beyaz etlik 308 ross broiler marka<\/strong><\/p>\n\n\n\n<p class=\"has-text-align-center has-background has-large-font-size\" style=\"background-color:#fcfa3a\"><strong>25 \u20ba<\/strong><\/p>\n\n\n\n<p class=\"has-text-align-center has-neve-link-color-background-color has-background has-medium-font-size\"><strong>Kar\u0131\u015f\u0131k k\u00f6y civcivi organik<\/strong><\/p>\n\n\n\n<p class=\"has-text-align-center has-background has-large-font-size\" style=\"background-color:#fcfa3a\"><strong>25 \u20ba<\/strong><\/p>\n\n\n\n<p class=\"has-text-align-center has-neve-link-color-background-color has-background has-medium-font-size\"><strong>Orjinal k\u0131rm\u0131z\u0131 etlik sasso marka<\/strong><\/p>\n\n\n\n<p class=\"has-text-align-center has-background has-large-font-size\" style=\"background-color:#fcfa3a\"><strong>35 \u20ba<\/strong><\/p>\n\n\n\n<p class=\"has-text-align-center has-neve-link-color-background-color has-background has-medium-font-size\"><strong>%100 di\u015fi saso cinsi yumurta civcivi<\/strong><\/p>\n\n\n\n<p class=\"has-text-align-center has-background has-large-font-size\" style=\"background-color:#fcfa3a\"><strong>40 \u20ba<\/strong><\/p>\n\n\n\n<p class=\"has-text-align-center has-neve-link-color-background-color has-background has-medium-font-size\"><strong>Orjinal Ataks %100 di\u015fi<\/strong><\/p>\n\n\n\n<p class=\"has-text-align-center has-background has-large-font-size\" style=\"background-color:#fcfa3a\"><strong>40 \u20ba<\/strong><\/p>\n\n\n\n<p class=\"has-text-align-center has-neve-link-color-background-color has-background has-medium-font-size\"><strong>Tinted yumurta civcivi<\/strong><\/p>\n\n\n\n<p class=\"has-text-align-center has-background has-large-font-size\" style=\"background-color:#fcfa3a\"><strong>40 \u20ba<\/strong><\/p>\n\n\n\n<p class=\"has-text-align-center has-neve-link-color-background-color has-background has-medium-font-size\"><strong>Di\u015fi erkek kar\u0131\u015f\u0131k australorp<\/strong><\/p>\n\n\n\n<p class=\"has-text-align-center has-background has-large-font-size\" style=\"background-color:#fcfa3a\"><strong>40 \u20ba<\/strong><\/p>\n\n\n\n<p class=\"has-text-align-center has-neve-link-color-background-color has-background has-medium-font-size\"><strong>Orjinal Pekin \u00f6rde\u011fi<\/strong><\/p>\n\n\n\n<p class=\"has-text-align-center has-background has-large-font-size\" style=\"background-color:#fcfa3a\"><strong>50 \u20ba<\/strong><\/p>\n\n\n\n<p class=\"has-text-align-center has-neve-link-color-background-color has-background has-medium-font-size\"><strong>Orvia ct 5 frans\u0131z marka etlik \u00f6rdek<\/strong><\/p>\n\n\n\n<p class=\"has-text-align-center has-background has-large-font-size\" style=\"background-color:#fcfa3a\"><strong>60 \u20ba<\/strong><\/p>\n\n\n\n<p class=\"has-text-align-center has-neve-link-color-background-color has-background has-medium-font-size\"><strong>Siyah hindi<\/strong><\/p>\n\n\n\n<p class=\"has-text-align-center has-background has-large-font-size\" style=\"background-color:#fcfa3a\"><strong>150 \u20ba<\/strong><\/p>\n\n\n\n<p class=\"has-text-align-center has-neve-link-color-background-color has-background has-medium-font-size\"><strong>Beyaz Kanada etlik hindi<\/strong><\/p>\n\n\n\n<p class=\"has-text-align-center has-background has-large-font-size\" style=\"background-color:#fcfa3a\"><strong>00<\/strong><\/p>\n\n\n\n<p class=\"has-text-align-left\"><strong>Not:<\/strong> g\u00f6nderimler ( BURSA) dan otob\u00fcsle yap\u0131l\u0131yor olaki yolda herhangi bir zayiat olursa firmam\u0131z taraf\u0131ndan kar\u015f\u0131lanmaktad\u0131r en az sat\u0131\u015f\u0131m\u0131z 200 adettir.<\/p>\n\n\n\n<p>\u00dcr\u00fcnlerimiz bir g\u00fcnl\u00fck yavru iken g\u00f6nderim yap\u0131l\u0131yor.<\/p>\n\n\n\n<p class=\"has-text-color has-link-color wp-elements-e3b9ea0972df4487915b2babb39f3b09\" style=\"color:#ee2106\"><strong>L\u00dcTFEN D\u0130KKAT<\/strong><\/p>\n\n\n\n<p>\u00dcr\u00fcn alaca\u011f\u0131n\u0131z zaman fiyat g\u00fcncellemesi olabilir.<\/p>\n\n\n\n<p class=\"has-text-align-center has-background\" style=\"background-color:#00f808\"><strong>0532 427 11 91<\/strong><\/p>\n\n\n\n<h2 class=\"wp-block-heading has-text-align-center has-background has-large-font-size\" style=\"background-color:#edf200;font-style:normal;font-weight:700\">Bir insana tamamen g\u00fcvendi\u011finiz zaman ya \u00f6m\u00fcrl\u00fck bir dost edinirsiniz ya da hayat\u0131n\u0131z\u0131n dersini al\u0131rs\u0131n\u0131z.<\/h2>\n","protected":false},"excerpt":{"rendered":"<p>Toptan Civciv Fiyatlar\u0131 Beyaz horoz pazar civcivi 7 \u20ba Siyah pleymut \u00e7il horoz 10 \u20ba Beyaz etlik 308 ross broiler marka 25 \u20ba Kar\u0131\u015f\u0131k k\u00f6y civcivi organik 25 \u20ba Orjinal k\u0131rm\u0131z\u0131 etlik sasso marka 35 \u20ba %100 di\u015fi saso cinsi yumurta civcivi 40 \u20ba Orjinal Ataks %100 di\u015fi 40 \u20ba Tinted yumurta civcivi 40 \u20ba&hellip;&nbsp;<a href=\"https:\/\/sahibindenordek.com\/index.php\/civciv-fiyat-listesi\/\" rel=\"bookmark\">Read More &raquo;<span class=\"screen-reader-text\">C\u0130VC\u0130V F\u0130YAT L\u0130STES\u0130<\/span><\/a><\/p>\n","protected":false},"author":1,"featured_media":0,"parent":0,"menu_order":0,"comment_status":"closed","ping_status":"closed","template":"","meta":{"neve_meta_sidebar":"","neve_meta_container":"","neve_meta_enable_content_width":"","neve_meta_content_width":0,"neve_meta_title_alignment":"","neve_meta_author_avatar":"","neve_post_elements_order":"","neve_meta_disable_header":"","neve_meta_disable_footer":"","neve_meta_disable_title":"","_themeisle_gutenberg_block_has_review":false,"footnotes":""},"_links":{"self":[{"href":"https:\/\/sahibindenordek.com\/index.php\/wp-json\/wp\/v2\/pages\/410"}],"collection":[{"href":"https:\/\/sahibindenordek.com\/index.php\/wp-json\/wp\/v2\/pages"}],"about":[{"href":"https:\/\/sahibindenordek.com\/index.php\/wp-json\/wp\/v2\/types\/page"}],"author":[{"embeddable":true,"href":"https:\/\/sahibindenordek.com\/index.php\/wp-json\/wp\/v2\/users\/1"}],"replies":[{"embeddable":true,"href":"https:\/\/sahibindenordek.com\/index.php\/wp-json\/wp\/v2\/comments?post=410"}],"version-history":[{"count":10,"href":"https:\/\/sahibindenordek.com\/index.php\/wp-json\/wp\/v2\/pages\/410\/revisions"}],"predecessor-version":[{"id":495,"href":"https:\/\/sahibindenordek.com\/index.php\/wp-json\/wp\/v2\/pages\/410\/revisions\/495"}],"wp:attachment":[{"href":"https:\/\/sahibindenordek.com\/index.php\/wp-json\/wp\/v2\/media?parent=410"}],"curies":[{"name":"wp","href":"https:\/\/api.w.org\/{rel}","templated":true}]}}